{"id":1687,"date":"2022-05-03T13:01:44","date_gmt":"2022-05-03T20:01:44","guid":{"rendered":"https:\/\/www.woodworkingtechnologydays.com\/partenaires\/"},"modified":"2026-04-29T14:32:24","modified_gmt":"2026-04-29T21:32:24","slug":"partenaires","status":"publish","type":"page","link":"https:\/\/www.woodworkingtechnologydays.com\/fr\/partenaires\/","title":{"rendered":"Partenaires"},"content":{"rendered":"<div id='av_section_1'  class='avia-section av-1em0zh-220fe5f8d53116983cb67af3b5cb5c08 main_color avia-section-large avia-no-border-styling  avia-builder-el-0  avia-builder-el-no-sibling  avia-bg-style-scroll container_wrap sidebar_right'  ><div class='container av-section-cont-open' ><main  role=\"main\" itemprop=\"mainContentOfPage\"  class='template-page content  av-content-small alpha units'><div class='post-entry post-entry-type-page post-entry-1687'><div class='entry-content-wrapper clearfix'>\n\n<style type=\"text\/css\" data-created_by=\"avia_inline_auto\" id=\"style-css-av-88wgtx-bc7ed02a147ceac7cd932e92201e8a63\">\n#top .av-special-heading.av-88wgtx-bc7ed02a147ceac7cd932e92201e8a63{\npadding-bottom:30px;\nfont-size:70px;\n}\nbody .av-special-heading.av-88wgtx-bc7ed02a147ceac7cd932e92201e8a63 .av-special-heading-tag .heading-char{\nfont-size:25px;\n}\n#top #wrap_all .av-special-heading.av-88wgtx-bc7ed02a147ceac7cd932e92201e8a63 .av-special-heading-tag{\nfont-size:70px;\n}\n.av-special-heading.av-88wgtx-bc7ed02a147ceac7cd932e92201e8a63 .av-subheading{\nfont-size:15px;\n}\n\n@media only screen and (min-width: 480px) and (max-width: 767px){ \n#top #wrap_all .av-special-heading.av-88wgtx-bc7ed02a147ceac7cd932e92201e8a63 .av-special-heading-tag{\nfont-size:0.8em;\n}\n}\n\n@media only screen and (max-width: 479px){ \n#top #wrap_all .av-special-heading.av-88wgtx-bc7ed02a147ceac7cd932e92201e8a63 .av-special-heading-tag{\nfont-size:0.8em;\n}\n}\n<\/style>\n<div  class='av-special-heading av-88wgtx-bc7ed02a147ceac7cd932e92201e8a63 av-special-heading-h1 blockquote modern-quote  avia-builder-el-1  el_before_av_one_full  avia-builder-el-first  av-thin-font av-inherit-size'><h1 class='av-special-heading-tag '  itemprop=\"headline\"  >Partenaires<strong> 2026.<\/strong><\/h1><div class=\"special-heading-border\"><div class=\"special-heading-inner-border\"><\/div><\/div><\/div>\n\n<style type=\"text\/css\" data-created_by=\"avia_inline_auto\" id=\"style-css-av-11ar4l-fbc72b17d03f1d621ae7b3ce1b62d3e1\">\n.flex_column.av-11ar4l-fbc72b17d03f1d621ae7b3ce1b62d3e1{\nborder-radius:0px 0px 0px 0px;\npadding:0px 0px 0px 0px;\n}\n<\/style>\n<div  class='flex_column av-11ar4l-fbc72b17d03f1d621ae7b3ce1b62d3e1 av_one_full  avia-builder-el-2  el_after_av_heading  avia-builder-el-last  first flex_column_div av-zero-column-padding  '     ><p><section  class='av_textblock_section av-xsx19-21ca991d8a7fbdef49de5ca4c0a2acbd '   itemscope=\"itemscope\" itemtype=\"https:\/\/schema.org\/CreativeWork\" ><div class='avia_textblock'  itemprop=\"text\" ><p>Nous sommes heureux de pouvoir compter sur le soutien des organisations suivantes, qui reconnaissent le WTD comme un \u00e9v\u00e9nement majeur pour les machines \u00e0 bois canadiennes. Le WTD \u00e9tant ax\u00e9 sur la production et les machines sp\u00e9cialis\u00e9es, la participation de nos sponsors enrichit incontestablement notre \u00e9v\u00e9nement de leur expertise la plus pr\u00e9cieuse et de leurs produits connexes tels que l&#8217;outillage, les logiciels, la colle et autres.<\/p>\n<\/div><\/section><br \/>\n\n<style type=\"text\/css\" data-created_by=\"avia_inline_auto\" id=\"style-css-av-l2qknp24-1c2d9014b9acd2fd7098b8e3b37c0d32\">\n#top .hr.hr-invisible.av-l2qknp24-1c2d9014b9acd2fd7098b8e3b37c0d32{\nheight:50px;\n}\n<\/style>\n<div  class='hr av-l2qknp24-1c2d9014b9acd2fd7098b8e3b37c0d32 hr-invisible  avia-builder-el-4  el_after_av_textblock  el_before_av_heading '><span class='hr-inner '><span class=\"hr-inner-style\"><\/span><\/span><\/div><br \/>\n\n<style type=\"text\/css\" data-created_by=\"avia_inline_auto\" id=\"style-css-av-5e3z8l-cbb2029412e9ab080c6864a31dbffcc0\">\n#top .av-special-heading.av-5e3z8l-cbb2029412e9ab080c6864a31dbffcc0{\npadding-bottom:30px;\n}\nbody .av-special-heading.av-5e3z8l-cbb2029412e9ab080c6864a31dbffcc0 .av-special-heading-tag .heading-char{\nfont-size:25px;\n}\n.av-special-heading.av-5e3z8l-cbb2029412e9ab080c6864a31dbffcc0 .av-subheading{\nfont-size:15px;\n}\n<\/style>\n<div  class='av-special-heading av-5e3z8l-cbb2029412e9ab080c6864a31dbffcc0 av-special-heading-h1 blockquote modern-quote  avia-builder-el-5  el_after_av_hr  el_before_av_partner  av-thin-font'><h1 class='av-special-heading-tag '  itemprop=\"headline\"  >Parrains<strong>.<\/strong><\/h1><div class=\"special-heading-border\"><div class=\"special-heading-inner-border\"><\/div><\/div><\/div><br \/>\n<div  class='avia-logo-element-container av-l2qis84g-c699bfe6ea70accba34c0e4dc88cae7e av-border-deactivate avia-logo-slider avia-content-slider avia-smallarrow-slider avia-content-slider-active noHover avia-content-slider-odd  avia-builder-el-6  el_after_av_heading  el_before_av_partner  av-slideshow-ui av-control-default av-nav-arrows-visible av-nav-dots-visible av-no-slider-navigation av-slideshow-manual av-loop-once av-loop-manual-endless avia-content-slider1' data-slideshow-options=\"{&quot;animation&quot;:&quot;slide&quot;,&quot;autoplay&quot;:false,&quot;loop_autoplay&quot;:&quot;once&quot;,&quot;interval&quot;:6,&quot;loop_manual&quot;:&quot;manual-endless&quot;,&quot;autoplay_stopper&quot;:false,&quot;noNavigation&quot;:false,&quot;bg_slider&quot;:false,&quot;keep_padding&quot;:&quot;&quot;,&quot;hoverpause&quot;:false,&quot;show_slide_delay&quot;:0}\"><div class='avia-smallarrow-slider-heading  no-logo-slider-heading '><div class='new-special-heading'>&nbsp;<\/div><\/div><div class=\"avia-content-slider-inner\"><div class=\"slide-entry-wrap\"><div  class='slide-entry av-q9jl9h-d53e9a779fff7a23905e730e4c88b89f flex_column no_margin av_one_fifth real-thumbnail post-entry slide-entry-overview slide-loop-1 slide-parity-odd  first'><a href=\"https:\/\/www.fstoolcorp.com\/\" data-rel='slide-1' class='slide-image' title=''  target=\"_blank\"  rel=\"noopener noreferrer\"><span class='av-partner-fake-img' style='padding-bottom:45.882352941176%; background-image:url(https:\/\/www.woodworkingtechnologydays.com\/wp-content\/uploads\/2022\/05\/fs-tool.jpg);'><\/span><\/a><\/div><div  class='slide-entry av-olfo11-1aade6585e7f6db324522b349a8ffd8e flex_column no_margin av_one_fifth real-thumbnail post-entry slide-entry-overview slide-loop-2 slide-parity-even  '><a href=\"https:\/\/www.jowat.com\/en-CA\/\" data-rel='slide-1' class='slide-image' title=''  target=\"_blank\"  rel=\"noopener noreferrer\"><span class='av-partner-fake-img' style='padding-bottom:45.882352941176%; background-image:url(https:\/\/www.woodworkingtechnologydays.com\/wp-content\/uploads\/2022\/05\/jowat.jpg);'><\/span><\/a><\/div><div  class='slide-entry av-5t1j39-2-829a99920e12f6eaa5f465be1a4cfd42 flex_column no_margin av_one_fifth real-thumbnail post-entry slide-entry-overview slide-loop-3 slide-parity-odd  '><a href=\"https:\/\/www.kleiberit.com\/de\/startseite\" data-rel='slide-1' class='slide-image' title=''  target=\"_blank\"  rel=\"noopener noreferrer\"><span class='av-partner-fake-img' style='padding-bottom:45.882352941176%; background-image:url(https:\/\/www.woodworkingtechnologydays.com\/wp-content\/uploads\/2025\/05\/kleiberit.jpg);'><\/span><\/a><\/div><div  class='slide-entry av-jnt7et-f2043b6f6cbb417cb8b0e1517b6ba57d flex_column no_margin av_one_fifth real-thumbnail post-entry slide-entry-overview slide-loop-4 slide-parity-even  '><a href=\"https:\/\/www.leitz.org\/en-ca\" data-rel='slide-1' class='slide-image' title=''  target=\"_blank\"  rel=\"noopener noreferrer\"><span class='av-partner-fake-img' style='padding-bottom:45.882352941176%; background-image:url(https:\/\/www.woodworkingtechnologydays.com\/wp-content\/uploads\/2022\/05\/leitz.jpg);'><\/span><\/a><\/div><div  class='slide-entry av-5t1j39-2-1-0eea97b97a7385385fdc453f65b2ce7f flex_column no_margin av_one_fifth real-thumbnail post-entry slide-entry-overview slide-loop-5 slide-parity-odd post-entry-last '><a href=\"https:\/\/www.leuco.com\/EN\/US\/home\" data-rel='slide-1' class='slide-image' title=''  target=\"_blank\"  rel=\"noopener noreferrer\"><span class='av-partner-fake-img' style='padding-bottom:45.882352941176%; background-image:url(https:\/\/www.woodworkingtechnologydays.com\/wp-content\/uploads\/2022\/05\/leuco.jpg);'><\/span><\/a><\/div><\/div><\/div><\/div><br \/>\n<div  class='avia-logo-element-container av-l2qis84g-4-439ed38c2f8d58576f93346f8693e66b av-border-deactivate avia-logo-slider avia-content-slider avia-smallarrow-slider avia-content-slider-active noHover avia-content-slider-even  avia-builder-el-7  el_after_av_partner  el_before_av_hr  av-slideshow-ui av-control-default av-nav-arrows-visible av-nav-dots-visible av-no-slider-navigation av-slideshow-manual av-loop-once av-loop-manual-endless avia-content-slider2' data-slideshow-options=\"{&quot;animation&quot;:&quot;slide&quot;,&quot;autoplay&quot;:false,&quot;loop_autoplay&quot;:&quot;once&quot;,&quot;interval&quot;:6,&quot;loop_manual&quot;:&quot;manual-endless&quot;,&quot;autoplay_stopper&quot;:false,&quot;noNavigation&quot;:false,&quot;bg_slider&quot;:false,&quot;keep_padding&quot;:&quot;&quot;,&quot;hoverpause&quot;:false,&quot;show_slide_delay&quot;:0}\"><div class='avia-smallarrow-slider-heading  no-logo-slider-heading '><div class='new-special-heading'>&nbsp;<\/div><\/div><div class=\"avia-content-slider-inner\"><div class=\"slide-entry-wrap\"><div  class='slide-entry av-5s3nyd-1-1-1-e3abf50041efc9dbf41ab2d2b9213ee4 flex_column no_margin av_one_fourth real-thumbnail post-entry slide-entry-overview slide-loop-1 slide-parity-odd  first'><a href=\"https:\/\/www.microvellum.com\/\" data-rel='slide-2' class='slide-image' title=''  target=\"_blank\"  rel=\"noopener noreferrer\"><span class='av-partner-fake-img' style='padding-bottom:45.882352941176%; background-image:url(https:\/\/www.woodworkingtechnologydays.com\/wp-content\/uploads\/2022\/05\/microvellum.jpg);'><\/span><\/a><\/div><div  class='slide-entry av-5s3nyd-5891c2717d72084731b7bcf2e6398c25 flex_column no_margin av_one_fourth real-thumbnail post-entry slide-entry-overview slide-loop-2 slide-parity-even  '><a href=\"https:\/\/www.mozaiksoftware.com\/en-GB\" data-rel='slide-2' class='slide-image' title=''  target=\"_blank\"  rel=\"noopener noreferrer\"><span class='av-partner-fake-img' style='padding-bottom:45.882352941176%; background-image:url(https:\/\/www.woodworkingtechnologydays.com\/wp-content\/uploads\/2026\/04\/mozaic.jpg);'><\/span><\/a><\/div><div  class='slide-entry av-5s3nyd-1-22892a9ad92bd582c5967255a426fe46 flex_column no_margin av_one_fourth real-thumbnail post-entry slide-entry-overview slide-loop-3 slide-parity-odd  '><a href=\"https:\/\/planitcanada.ca\/\" data-rel='slide-2' class='slide-image' title=''  target=\"_blank\"  rel=\"noopener noreferrer\"><span class='av-partner-fake-img' style='padding-bottom:45.882352941176%; background-image:url(https:\/\/www.woodworkingtechnologydays.com\/wp-content\/uploads\/2022\/05\/planit.jpg);'><\/span><\/a><\/div><div  class='slide-entry av-h5m8z9-212937e489c799f437369bf53cbf274e flex_column no_margin av_one_fourth real-thumbnail post-entry slide-entry-overview slide-loop-4 slide-parity-even post-entry-last '><a href=\"http:\/\/www.royceayr.com\/en\/products\" data-rel='slide-2' class='slide-image' title=''  target=\"_blank\"  rel=\"noopener noreferrer\"><span class='av-partner-fake-img' style='padding-bottom:45.882352941176%; background-image:url(https:\/\/www.woodworkingtechnologydays.com\/wp-content\/uploads\/2022\/05\/royce-ayr.jpg);'><\/span><\/a><\/div><\/div><\/div><\/div><br \/>\n\n<style type=\"text\/css\" data-created_by=\"avia_inline_auto\" id=\"style-css-av-l2qknp24-5-f84f4e0b1c6652e943ff3a415b82cc52\">\n#top .hr.hr-invisible.av-l2qknp24-5-f84f4e0b1c6652e943ff3a415b82cc52{\nheight:50px;\n}\n<\/style>\n<div  class='hr av-l2qknp24-5-f84f4e0b1c6652e943ff3a415b82cc52 hr-invisible  avia-builder-el-8  el_after_av_partner  el_before_av_heading '><span class='hr-inner '><span class=\"hr-inner-style\"><\/span><\/span><\/div><br \/>\n\n<style type=\"text\/css\" data-created_by=\"avia_inline_auto\" id=\"style-css-av-4bpipx-5784feaf9c4b26897e9d6cf882d9bb92\">\n#top .av-special-heading.av-4bpipx-5784feaf9c4b26897e9d6cf882d9bb92{\npadding-bottom:30px;\n}\nbody .av-special-heading.av-4bpipx-5784feaf9c4b26897e9d6cf882d9bb92 .av-special-heading-tag .heading-char{\nfont-size:25px;\n}\n.av-special-heading.av-4bpipx-5784feaf9c4b26897e9d6cf882d9bb92 .av-subheading{\nfont-size:15px;\n}\n<\/style>\n<div  class='av-special-heading av-4bpipx-5784feaf9c4b26897e9d6cf882d9bb92 av-special-heading-h1 blockquote modern-quote  avia-builder-el-9  el_after_av_hr  el_before_av_partner  av-thin-font'><h1 class='av-special-heading-tag '  itemprop=\"headline\"  >L\u2019industrie<strong>.<\/strong><\/h1><div class=\"special-heading-border\"><div class=\"special-heading-inner-border\"><\/div><\/div><\/div><br \/>\n<div  class='avia-logo-element-container av-l2qis84g-3-c1eae3f5a335510967a937848c34bf86 av-border-deactivate avia-logo-slider avia-content-slider avia-smallarrow-slider avia-content-slider-active noHover avia-content-slider-even  avia-builder-el-10  el_after_av_heading  el_before_av_hr  av-slideshow-ui av-control-default av-nav-arrows-visible av-nav-dots-visible av-no-slider-navigation av-slideshow-autoplay av-loop-endless av-loop-manual-endless avia-content-slider3' data-slideshow-options=\"{&quot;animation&quot;:&quot;slide&quot;,&quot;autoplay&quot;:true,&quot;loop_autoplay&quot;:&quot;endless&quot;,&quot;interval&quot;:3,&quot;loop_manual&quot;:&quot;manual-endless&quot;,&quot;autoplay_stopper&quot;:false,&quot;noNavigation&quot;:false,&quot;bg_slider&quot;:false,&quot;keep_padding&quot;:&quot;&quot;,&quot;hoverpause&quot;:false,&quot;show_slide_delay&quot;:0}\"><div class='avia-smallarrow-slider-heading  no-logo-slider-heading '><div class='new-special-heading'>&nbsp;<\/div><\/div><div class=\"avia-content-slider-inner\"><div class=\"slide-entry-wrap\"><div  class='slide-entry av-egwlh1-e17dd23b5e24fbe0d242c1350f74915d flex_column no_margin av_one_fourth real-thumbnail post-entry slide-entry-overview slide-loop-1 slide-parity-odd  first'><a href=\"https:\/\/awmac.com\/\" data-rel='slide-3' class='slide-image' title=''  target=\"_blank\"  rel=\"noopener noreferrer\"><span class='av-partner-fake-img' style='padding-bottom:45.882352941176%; background-image:url(https:\/\/www.woodworkingtechnologydays.com\/wp-content\/uploads\/2022\/05\/awmac.jpg);'><\/span><\/a><\/div><div  class='slide-entry av-cmu4h1-93f3c3fecf5867a1683b2f2956d133b1 flex_column no_margin av_one_fourth real-thumbnail post-entry slide-entry-overview slide-loop-2 slide-parity-even  '><a href=\"https:\/\/ckca.ca\/\" data-rel='slide-3' class='slide-image' title=''  target=\"_blank\"  rel=\"noopener noreferrer\"><span class='av-partner-fake-img' style='padding-bottom:45.882352941176%; background-image:url(https:\/\/www.woodworkingtechnologydays.com\/wp-content\/uploads\/2022\/05\/ckca.jpg);'><\/span><\/a><\/div><div  class='slide-entry av-avrw2t-a19009fea75932bd0ba3344dda4f4191 flex_column no_margin av_one_fourth real-thumbnail post-entry slide-entry-overview slide-loop-3 slide-parity-odd  '><a href=\"https:\/\/www.wmco.ca\/\" data-rel='slide-3' class='slide-image' title=''  target=\"_blank\"  rel=\"noopener noreferrer\"><span class='av-partner-fake-img' style='padding-bottom:45.882352941176%; background-image:url(https:\/\/www.woodworkingtechnologydays.com\/wp-content\/uploads\/2022\/05\/wmco.jpg);'><\/span><\/a><\/div><div  class='slide-entry av-9hyrlx-560d42536a744d943834e97668bc2eb0 flex_column no_margin av_one_fourth real-thumbnail post-entry slide-entry-overview slide-loop-4 slide-parity-even post-entry-last '><a href=\"https:\/\/afdicq.ca\/\" data-rel='slide-3' class='slide-image' title=''  target=\"_blank\"  rel=\"noopener noreferrer\"><span class='av-partner-fake-img' style='padding-bottom:45.882352941176%; background-image:url(https:\/\/www.woodworkingtechnologydays.com\/wp-content\/uploads\/2022\/05\/afdicq.jpg);'><\/span><\/a><\/div><\/div><\/div><\/div><br \/>\n\n<style type=\"text\/css\" data-created_by=\"avia_inline_auto\" id=\"style-css-av-l2qknp24-2-1c63c894d55d53d39fdefda32c570593\">\n#top .hr.hr-invisible.av-l2qknp24-2-1c63c894d55d53d39fdefda32c570593{\nheight:50px;\n}\n<\/style>\n<div  class='hr av-l2qknp24-2-1c63c894d55d53d39fdefda32c570593 hr-invisible  avia-builder-el-11  el_after_av_partner  el_before_av_heading '><span class='hr-inner '><span class=\"hr-inner-style\"><\/span><\/span><\/div><br \/>\n\n<style type=\"text\/css\" data-created_by=\"avia_inline_auto\" id=\"style-css-av-20gox1-50e04b9c9a1f7fdce86d4187e19fab51\">\n#top .av-special-heading.av-20gox1-50e04b9c9a1f7fdce86d4187e19fab51{\npadding-bottom:30px;\n}\nbody .av-special-heading.av-20gox1-50e04b9c9a1f7fdce86d4187e19fab51 .av-special-heading-tag .heading-char{\nfont-size:25px;\n}\n.av-special-heading.av-20gox1-50e04b9c9a1f7fdce86d4187e19fab51 .av-subheading{\nfont-size:15px;\n}\n<\/style>\n<div  class='av-special-heading av-20gox1-50e04b9c9a1f7fdce86d4187e19fab51 av-special-heading-h1 blockquote modern-quote  avia-builder-el-12  el_after_av_hr  el_before_av_partner  av-thin-font'><h1 class='av-special-heading-tag '  itemprop=\"headline\"  >Les m\u00e9dias<strong>.<\/strong><\/h1><div class=\"special-heading-border\"><div class=\"special-heading-inner-border\"><\/div><\/div><\/div><br \/>\n<div  class='avia-logo-element-container av-l2qis84g-1-bb47462ffe049ce208ed4b229a02af9e av-border-deactivate avia-logo-slider avia-content-slider avia-smallarrow-slider avia-content-slider-active noHover avia-content-slider-odd  avia-builder-el-13  el_after_av_heading  avia-builder-el-last  av-slideshow-ui av-control-default av-nav-arrows-visible av-nav-dots-visible av-no-slider-navigation av-slideshow-autoplay av-loop-endless av-loop-manual-endless avia-content-slider4' data-slideshow-options=\"{&quot;animation&quot;:&quot;slide&quot;,&quot;autoplay&quot;:true,&quot;loop_autoplay&quot;:&quot;endless&quot;,&quot;interval&quot;:3,&quot;loop_manual&quot;:&quot;manual-endless&quot;,&quot;autoplay_stopper&quot;:false,&quot;noNavigation&quot;:false,&quot;bg_slider&quot;:false,&quot;keep_padding&quot;:&quot;&quot;,&quot;hoverpause&quot;:false,&quot;show_slide_delay&quot;:0}\"><div class='avia-smallarrow-slider-heading  no-logo-slider-heading '><div class='new-special-heading'>&nbsp;<\/div><\/div><div class=\"avia-content-slider-inner\"><div class=\"slide-entry-wrap\"><div  class='slide-entry av-5hwq2t-1e1c2f594f6943b5e5fdeda9663f4b73 flex_column no_margin av_one_third real-thumbnail post-entry slide-entry-overview slide-loop-1 slide-parity-odd  first'><a href=\"https:\/\/woodindustry.ca\/\" data-rel='slide-4' class='slide-image' title=''  target=\"_blank\"  rel=\"noopener noreferrer\"><span class='av-partner-fake-img' style='padding-bottom:45.882352941176%; background-image:url(https:\/\/www.woodworkingtechnologydays.com\/wp-content\/uploads\/2022\/05\/wood-industry.jpg);'><\/span><\/a><\/div><div  class='slide-entry av-3z2wz9-fe9c6c443e752d486381a6ca7baf8a76 flex_column no_margin av_one_third real-thumbnail post-entry slide-entry-overview slide-loop-2 slide-parity-even  '><a href=\"http:\/\/www.woodworkingcanada.com\/r5\/home.asp\" data-rel='slide-4' class='slide-image' title=''  target=\"_blank\"  rel=\"noopener noreferrer\"><span class='av-partner-fake-img' style='padding-bottom:45.882352941176%; background-image:url(https:\/\/www.woodworkingtechnologydays.com\/wp-content\/uploads\/2022\/05\/woodworking.jpg);'><\/span><\/a><\/div><div  class='slide-entry av-2zdc45-358d7841283718d0d9de916f2b614ed1 flex_column no_margin av_one_third real-thumbnail post-entry slide-entry-overview slide-loop-3 slide-parity-odd post-entry-last '><a href=\"https:\/\/www.woodworkingnetwork.com\/\" data-rel='slide-4' class='slide-image' title=''  target=\"_blank\"  rel=\"noopener noreferrer\"><span class='av-partner-fake-img' style='padding-bottom:45.882352941176%; background-image:url(https:\/\/www.woodworkingtechnologydays.com\/wp-content\/uploads\/2022\/05\/woorworking-network.jpg);'><\/span><\/a><\/div><\/div><\/div><\/div><\/p><\/div><\/div><\/div><\/main><!-- close content main element --><\/div><\/div><div id='after_section_1'  class='main_color av_default_container_wrap container_wrap sidebar_right'  ><div class='container av-section-cont-open' ><div class='template-page content  av-content-small alpha units'><div class='post-entry post-entry-type-page post-entry-1687'><div class='entry-content-wrapper clearfix'>\n","protected":false},"excerpt":{"rendered":"","protected":false},"author":1,"featured_media":0,"parent":0,"menu_order":0,"comment_status":"closed","ping_status":"closed","template":"","meta":{"om_disable_all_campaigns":false,"_monsterinsights_skip_tracking":false,"_monsterinsights_sitenote_active":false,"_monsterinsights_sitenote_note":"","_monsterinsights_sitenote_category":0,"footnotes":""},"class_list":["post-1687","page","type-page","status-publish","hentry"],"yoast_head":"<!-- This site is optimized with the Yoast SEO plugin v27.5 - https:\/\/yoast.com\/product\/yoast-seo-wordpress\/ -->\n<title>Partenaires - Woodworking Technology Days<\/title>\n<meta name=\"robots\" content=\"index, follow, max-snippet:-1, max-image-preview:large, max-video-preview:-1\" \/>\n<link rel=\"canonical\" href=\"https:\/\/www.woodworkingtechnologydays.com\/fr\/partenaires\/\" \/>\n<meta property=\"og:locale\" content=\"fr_FR\" \/>\n<meta property=\"og:type\" content=\"article\" \/>\n<meta property=\"og:title\" content=\"Partenaires - Woodworking Technology Days\" \/>\n<meta property=\"og:url\" content=\"https:\/\/www.woodworkingtechnologydays.com\/fr\/partenaires\/\" \/>\n<meta property=\"og:site_name\" content=\"Woodworking Technology Days\" \/>\n<meta property=\"article:modified_time\" content=\"2026-04-29T21:32:24+00:00\" \/>\n<meta name=\"twitter:card\" content=\"summary_large_image\" \/>\n<meta name=\"twitter:label1\" content=\"Dur\u00e9e de lecture estim\u00e9e\" \/>\n\t<meta name=\"twitter:data1\" content=\"1 minute\" \/>\n<script type=\"application\/ld+json\" class=\"yoast-schema-graph\">{\"@context\":\"https:\\\/\\\/schema.org\",\"@graph\":[{\"@type\":\"WebPage\",\"@id\":\"https:\\\/\\\/www.woodworkingtechnologydays.com\\\/fr\\\/partenaires\\\/\",\"url\":\"https:\\\/\\\/www.woodworkingtechnologydays.com\\\/fr\\\/partenaires\\\/\",\"name\":\"Partenaires - Woodworking Technology Days\",\"isPartOf\":{\"@id\":\"https:\\\/\\\/www.woodworkingtechnologydays.com\\\/#website\"},\"datePublished\":\"2022-05-03T20:01:44+00:00\",\"dateModified\":\"2026-04-29T21:32:24+00:00\",\"breadcrumb\":{\"@id\":\"https:\\\/\\\/www.woodworkingtechnologydays.com\\\/fr\\\/partenaires\\\/#breadcrumb\"},\"inLanguage\":\"fr-FR\",\"potentialAction\":[{\"@type\":\"ReadAction\",\"target\":[\"https:\\\/\\\/www.woodworkingtechnologydays.com\\\/fr\\\/partenaires\\\/\"]}]},{\"@type\":\"BreadcrumbList\",\"@id\":\"https:\\\/\\\/www.woodworkingtechnologydays.com\\\/fr\\\/partenaires\\\/#breadcrumb\",\"itemListElement\":[{\"@type\":\"ListItem\",\"position\":1,\"name\":\"Home\",\"item\":\"https:\\\/\\\/www.woodworkingtechnologydays.com\\\/fr\\\/\"},{\"@type\":\"ListItem\",\"position\":2,\"name\":\"Partenaires\"}]},{\"@type\":\"WebSite\",\"@id\":\"https:\\\/\\\/www.woodworkingtechnologydays.com\\\/#website\",\"url\":\"https:\\\/\\\/www.woodworkingtechnologydays.com\\\/\",\"name\":\"Woodworking Technology Days\",\"description\":\"An industry event with leading distributors.\",\"potentialAction\":[{\"@type\":\"SearchAction\",\"target\":{\"@type\":\"EntryPoint\",\"urlTemplate\":\"https:\\\/\\\/www.woodworkingtechnologydays.com\\\/?s={search_term_string}\"},\"query-input\":{\"@type\":\"PropertyValueSpecification\",\"valueRequired\":true,\"valueName\":\"search_term_string\"}}],\"inLanguage\":\"fr-FR\"}]}<\/script>\n<!-- \/ Yoast SEO plugin. -->","yoast_head_json":{"title":"Partenaires - Woodworking Technology Days","robots":{"index":"index","follow":"follow","max-snippet":"max-snippet:-1","max-image-preview":"max-image-preview:large","max-video-preview":"max-video-preview:-1"},"canonical":"https:\/\/www.woodworkingtechnologydays.com\/fr\/partenaires\/","og_locale":"fr_FR","og_type":"article","og_title":"Partenaires - Woodworking Technology Days","og_url":"https:\/\/www.woodworkingtechnologydays.com\/fr\/partenaires\/","og_site_name":"Woodworking Technology Days","article_modified_time":"2026-04-29T21:32:24+00:00","twitter_card":"summary_large_image","twitter_misc":{"Dur\u00e9e de lecture estim\u00e9e":"1 minute"},"schema":{"@context":"https:\/\/schema.org","@graph":[{"@type":"WebPage","@id":"https:\/\/www.woodworkingtechnologydays.com\/fr\/partenaires\/","url":"https:\/\/www.woodworkingtechnologydays.com\/fr\/partenaires\/","name":"Partenaires - Woodworking Technology Days","isPartOf":{"@id":"https:\/\/www.woodworkingtechnologydays.com\/#website"},"datePublished":"2022-05-03T20:01:44+00:00","dateModified":"2026-04-29T21:32:24+00:00","breadcrumb":{"@id":"https:\/\/www.woodworkingtechnologydays.com\/fr\/partenaires\/#breadcrumb"},"inLanguage":"fr-FR","potentialAction":[{"@type":"ReadAction","target":["https:\/\/www.woodworkingtechnologydays.com\/fr\/partenaires\/"]}]},{"@type":"BreadcrumbList","@id":"https:\/\/www.woodworkingtechnologydays.com\/fr\/partenaires\/#breadcrumb","itemListElement":[{"@type":"ListItem","position":1,"name":"Home","item":"https:\/\/www.woodworkingtechnologydays.com\/fr\/"},{"@type":"ListItem","position":2,"name":"Partenaires"}]},{"@type":"WebSite","@id":"https:\/\/www.woodworkingtechnologydays.com\/#website","url":"https:\/\/www.woodworkingtechnologydays.com\/","name":"Woodworking Technology Days","description":"An industry event with leading distributors.","potentialAction":[{"@type":"SearchAction","target":{"@type":"EntryPoint","urlTemplate":"https:\/\/www.woodworkingtechnologydays.com\/?s={search_term_string}"},"query-input":{"@type":"PropertyValueSpecification","valueRequired":true,"valueName":"search_term_string"}}],"inLanguage":"fr-FR"}]}},"_links":{"self":[{"href":"https:\/\/www.woodworkingtechnologydays.com\/fr\/wp-json\/wp\/v2\/pages\/1687","targetHints":{"allow":["GET"]}}],"collection":[{"href":"https:\/\/www.woodworkingtechnologydays.com\/fr\/wp-json\/wp\/v2\/pages"}],"about":[{"href":"https:\/\/www.woodworkingtechnologydays.com\/fr\/wp-json\/wp\/v2\/types\/page"}],"author":[{"embeddable":true,"href":"https:\/\/www.woodworkingtechnologydays.com\/fr\/wp-json\/wp\/v2\/users\/1"}],"replies":[{"embeddable":true,"href":"https:\/\/www.woodworkingtechnologydays.com\/fr\/wp-json\/wp\/v2\/comments?post=1687"}],"version-history":[{"count":31,"href":"https:\/\/www.woodworkingtechnologydays.com\/fr\/wp-json\/wp\/v2\/pages\/1687\/revisions"}],"predecessor-version":[{"id":3497,"href":"https:\/\/www.woodworkingtechnologydays.com\/fr\/wp-json\/wp\/v2\/pages\/1687\/revisions\/3497"}],"wp:attachment":[{"href":"https:\/\/www.woodworkingtechnologydays.com\/fr\/wp-json\/wp\/v2\/media?parent=1687"}],"curies":[{"name":"wp","href":"https:\/\/api.w.org\/{rel}","templated":true}]}}